{"id":968,"date":"2020-11-06T19:37:28","date_gmt":"2020-11-06T19:37:28","guid":{"rendered":"https:\/\/www.guillerminabustos.net\/sitio\/?page_id=968"},"modified":"2024-05-12T14:34:18","modified_gmt":"2024-05-12T14:34:18","slug":"progetto-umiditta-4-0","status":"publish","type":"page","link":"https:\/\/www.guillerminabustos.net\/sitio\/progetto-umiditta-4-0\/","title":{"rendered":"progetto umiditt\u00e0 4.0 &#8211; 2012"},"content":{"rendered":"\n<p>3 instalaciones redondas. Instalaci\u00f3n de 1000 cajas de pizza. Medidas Variables. C\u00f3rdoba Argentina. 2012.<\/p>\n\n\n\n<figure class=\"wp-block-image\"><img loading=\"lazy\" decoding=\"async\" width=\"768\" height=\"1024\" src=\"https:\/\/www.guillerminabustos.net\/sitio\/wp-content\/uploads\/2016\/05\/DSC04833-768x1024.jpg\" alt=\"\" class=\"wp-image-261\" srcset=\"https:\/\/www.guillerminabustos.net\/sitio\/wp-content\/uploads\/2016\/05\/DSC04833-768x1024.jpg 768w, https:\/\/www.guillerminabustos.net\/sitio\/wp-content\/uploads\/2016\/05\/DSC04833-225x300.jpg 225w, https:\/\/www.guillerminabustos.net\/sitio\/wp-content\/uploads\/2016\/05\/DSC04833-630x840.jpg 630w, https:\/\/www.guillerminabustos.net\/sitio\/wp-content\/uploads\/2016\/05\/DSC04833-960x1280.jpg 960w, https:\/\/www.guillerminabustos.net\/sitio\/wp-content\/uploads\/2016\/05\/DSC04833.jpg 1200w\" sizes=\"auto, (max-width: 768px) 100vw, 768px\" \/><\/figure>\n\n\n\n<p><em>Progetto Umidit\u00e0 4.0 \/ colectivo de artistas independientes. Autenticidad y actualidad en el arte<\/em> se denomina el proyecto radicado en el Centro de Producci\u00f3n e Investigaci\u00f3n en Arte (CePIA) de la Universidad Nacional de C\u00f3rdoba.&nbsp;Programa de Artes Visuales. Esta muestra re\u00fane a un grupo de artistas independientes, algunos de ellos profesores, estudiantes y egresados del Departamento de Pl\u00e1stica de nuestra Facultad.<\/p>\n\n\n\n<figure class=\"wp-block-image\"><img loading=\"lazy\" decoding=\"async\" width=\"1024\" height=\"768\" src=\"https:\/\/www.guillerminabustos.net\/sitio\/wp-content\/uploads\/2016\/05\/DSC08554-1024x768.jpg\" alt=\"\" class=\"wp-image-263\" srcset=\"https:\/\/www.guillerminabustos.net\/sitio\/wp-content\/uploads\/2016\/05\/DSC08554-1024x768.jpg 1024w, https:\/\/www.guillerminabustos.net\/sitio\/wp-content\/uploads\/2016\/05\/DSC08554-300x225.jpg 300w, https:\/\/www.guillerminabustos.net\/sitio\/wp-content\/uploads\/2016\/05\/DSC08554-768x576.jpg 768w, https:\/\/www.guillerminabustos.net\/sitio\/wp-content\/uploads\/2016\/05\/DSC08554-400x300.jpg 400w, https:\/\/www.guillerminabustos.net\/sitio\/wp-content\/uploads\/2016\/05\/DSC08554.jpg 1600w\" sizes=\"auto, (max-width: 1024px) 100vw, 1024px\" \/><\/figure>\n\n\n\n<p>Equipo de trabajo: Emilia Casiva, Mar\u00eda de la Paz Chasseing, Guillermina Bustos, Manuel Molina, Sergio Yonahara, Marcos Dominguez, Fernando Fraenza, Juan Gugger, Alejandra Peri\u00e9, Marcelo Qui\u00f1onero y Juan Terrazas.<\/p>\n\n\n","protected":false},"excerpt":{"rendered":"<p>3 instalaciones redondas. Instalaci\u00f3n de 1000 cajas de pizza. Medidas Variables. C\u00f3rdoba Argentina. 2012. Progetto Umidit\u00e0 4.0 \/ colectivo de artistas independientes. Autenticidad y actualidad en el arte se denomina el proyecto radicado en el Centro de Producci\u00f3n e Investigaci\u00f3n en Arte (CePIA) de la Universidad Nacional de C\u00f3rdoba.&nbsp;Programa de Artes Visuales. Esta muestra re\u00fane [&hellip;]<\/p>\n","protected":false},"author":1,"featured_media":0,"parent":0,"menu_order":13,"comment_status":"closed","ping_status":"closed","template":"","meta":{"_exactmetrics_skip_tracking":false,"_exactmetrics_sitenote_active":false,"_exactmetrics_sitenote_note":"","_exactmetrics_sitenote_category":0,"footnotes":""},"class_list":["post-968","page","type-page","status-publish","hentry","missing-thumbnail"],"_links":{"self":[{"href":"https:\/\/www.guillerminabustos.net\/sitio\/wp-json\/wp\/v2\/pages\/968","targetHints":{"allow":["GET"]}}],"collection":[{"href":"https:\/\/www.guillerminabustos.net\/sitio\/wp-json\/wp\/v2\/pages"}],"about":[{"href":"https:\/\/www.guillerminabustos.net\/sitio\/wp-json\/wp\/v2\/types\/page"}],"author":[{"embeddable":true,"href":"https:\/\/www.guillerminabustos.net\/sitio\/wp-json\/wp\/v2\/users\/1"}],"replies":[{"embeddable":true,"href":"https:\/\/www.guillerminabustos.net\/sitio\/wp-json\/wp\/v2\/comments?post=968"}],"version-history":[{"count":2,"href":"https:\/\/www.guillerminabustos.net\/sitio\/wp-json\/wp\/v2\/pages\/968\/revisions"}],"predecessor-version":[{"id":978,"href":"https:\/\/www.guillerminabustos.net\/sitio\/wp-json\/wp\/v2\/pages\/968\/revisions\/978"}],"wp:attachment":[{"href":"https:\/\/www.guillerminabustos.net\/sitio\/wp-json\/wp\/v2\/media?parent=968"}],"curies":[{"name":"wp","href":"https:\/\/api.w.org\/{rel}","templated":true}]}}