{"id":960,"date":"2020-11-06T19:25:36","date_gmt":"2020-11-06T19:25:36","guid":{"rendered":"https:\/\/www.guillerminabustos.net\/sitio\/?page_id=960"},"modified":"2024-05-12T14:33:52","modified_gmt":"2024-05-12T14:33:52","slug":"garabato-2013","status":"publish","type":"page","link":"https:\/\/www.guillerminabustos.net\/sitio\/garabato-2013\/","title":{"rendered":"garabato &#8211; 2013"},"content":{"rendered":"\n<p>Instalaci\u00f3n. 24 dise\u00f1os impresos y montados sobre foamboard, 4 remeras estampadas, 6 tazas estampadas, env\u00edo de mail a grupo Google para que suba el dise\u00f1o a la web. Medidas variables. C\u00f3rdoba, Argentina. 2013<\/p>\n\n\n\n<figure class=\"wp-block-image\"><img loading=\"lazy\" decoding=\"async\" width=\"1024\" height=\"708\" src=\"https:\/\/www.guillerminabustos.net\/sitio\/wp-content\/uploads\/2016\/05\/11.-1024x708.jpg\" alt=\"\" class=\"wp-image-148\" srcset=\"https:\/\/www.guillerminabustos.net\/sitio\/wp-content\/uploads\/2016\/05\/11.-1024x708.jpg 1024w, https:\/\/www.guillerminabustos.net\/sitio\/wp-content\/uploads\/2016\/05\/11.-300x208.jpg 300w, https:\/\/www.guillerminabustos.net\/sitio\/wp-content\/uploads\/2016\/05\/11.-768x531.jpg 768w, https:\/\/www.guillerminabustos.net\/sitio\/wp-content\/uploads\/2016\/05\/11.-434x300.jpg 434w\" sizes=\"auto, (max-width: 1024px) 100vw, 1024px\" \/><\/figure>\n\n\n\n<p>El trabajo forma parte del Proyecto Quilicura, curado por Marta Hern\u00e1ndez Parraguez. Centro Cultural de Quilicura. Santiago de Chile. Agosto. 2013.<\/p>\n\n\n\n<figure class=\"wp-block-image\"><img loading=\"lazy\" decoding=\"async\" width=\"1024\" height=\"708\" src=\"https:\/\/www.guillerminabustos.net\/sitio\/wp-content\/uploads\/2016\/05\/13.-1024x708.jpg\" alt=\"\" class=\"wp-image-149\" srcset=\"https:\/\/www.guillerminabustos.net\/sitio\/wp-content\/uploads\/2016\/05\/13.-1024x708.jpg 1024w, https:\/\/www.guillerminabustos.net\/sitio\/wp-content\/uploads\/2016\/05\/13.-300x208.jpg 300w, https:\/\/www.guillerminabustos.net\/sitio\/wp-content\/uploads\/2016\/05\/13.-768x531.jpg 768w, https:\/\/www.guillerminabustos.net\/sitio\/wp-content\/uploads\/2016\/05\/13.-434x300.jpg 434w\" sizes=\"auto, (max-width: 1024px) 100vw, 1024px\" \/><\/figure>\n\n\n\n<p>El proyecto se desarrolla como una forma de aprendizaje y apropiaci\u00f3n de la iconograf\u00eda propia de la empresa Google, con sede en la comuna de Quilicura, donde se realizar\u00eda la exposici\u00f3n. As\u00ed realice la copia y simulaci\u00f3n de una serie de dise\u00f1os Doodle [desde 1998 ha venido cambiando de manera regular su logotipo oficial para realizar conmemoraciones de eventos y fechas relevantes].<\/p>\n\n\n\n<figure class=\"wp-block-image\"><img loading=\"lazy\" decoding=\"async\" width=\"1024\" height=\"726\" src=\"https:\/\/www.guillerminabustos.net\/sitio\/wp-content\/uploads\/2016\/05\/4-1024x726.jpg\" alt=\"\" class=\"wp-image-147\" srcset=\"https:\/\/www.guillerminabustos.net\/sitio\/wp-content\/uploads\/2016\/05\/4-1024x726.jpg 1024w, https:\/\/www.guillerminabustos.net\/sitio\/wp-content\/uploads\/2016\/05\/4-300x213.jpg 300w, https:\/\/www.guillerminabustos.net\/sitio\/wp-content\/uploads\/2016\/05\/4-768x545.jpg 768w, https:\/\/www.guillerminabustos.net\/sitio\/wp-content\/uploads\/2016\/05\/4-423x300.jpg 423w\" sizes=\"auto, (max-width: 1024px) 100vw, 1024px\" \/><\/figure>\n\n\n\n<p>Para el desarrollo de los dise\u00f1os se tomaron en cuenta dos temas: (i) Eventos o situaciones que competen a la comuna de Quilicura, como por ejemplo, el equipo de f\u00fatbol local, la academia de cueca, el problema con el vertedero, etc. (ii) Los artistas participantes de la misma exhibici\u00f3n colectiva, en su mayor\u00eda j\u00f3venes productores de la ciudad de Santiago. <\/p>\n\n\n\n<p>Adem\u00e1s se envi\u00f3 un e-mail al grupo Google para solicitar la posibilidad de que subieran el Doodle del proyecto en los d\u00edas que transcurr\u00eda la exhibici\u00f3n. Por \u00faltimo se imit\u00f3 otras formas en las que Google hace circular estos logotipos alternativos, mediante la confecci\u00f3n de remeras y tazas, a la manera en que las ofrece la empresa.<\/p>\n\n\n\n<figure class=\"wp-block-image size-large\"><img loading=\"lazy\" decoding=\"async\" width=\"1024\" height=\"708\" src=\"https:\/\/www.guillerminabustos.net\/sitio\/wp-content\/uploads\/2016\/05\/3.-1024x708.jpg\" alt=\"\" class=\"wp-image-146\" srcset=\"https:\/\/www.guillerminabustos.net\/sitio\/wp-content\/uploads\/2016\/05\/3.-1024x708.jpg 1024w, https:\/\/www.guillerminabustos.net\/sitio\/wp-content\/uploads\/2016\/05\/3.-300x208.jpg 300w, https:\/\/www.guillerminabustos.net\/sitio\/wp-content\/uploads\/2016\/05\/3.-768x531.jpg 768w, https:\/\/www.guillerminabustos.net\/sitio\/wp-content\/uploads\/2016\/05\/3.-434x300.jpg 434w\" sizes=\"auto, (max-width: 1024px) 100vw, 1024px\" \/><\/figure>\n\n\n\n<figure class=\"wp-block-image\"><img loading=\"lazy\" decoding=\"async\" width=\"1024\" height=\"709\" src=\"https:\/\/www.guillerminabustos.net\/sitio\/wp-content\/uploads\/2016\/05\/Foto-31-07-13-17-47-32-1024x709.jpg\" alt=\"\" class=\"wp-image-151\" srcset=\"https:\/\/www.guillerminabustos.net\/sitio\/wp-content\/uploads\/2016\/05\/Foto-31-07-13-17-47-32-1024x709.jpg 1024w, https:\/\/www.guillerminabustos.net\/sitio\/wp-content\/uploads\/2016\/05\/Foto-31-07-13-17-47-32-300x208.jpg 300w, https:\/\/www.guillerminabustos.net\/sitio\/wp-content\/uploads\/2016\/05\/Foto-31-07-13-17-47-32-768x532.jpg 768w, https:\/\/www.guillerminabustos.net\/sitio\/wp-content\/uploads\/2016\/05\/Foto-31-07-13-17-47-32-433x300.jpg 433w\" sizes=\"auto, (max-width: 1024px) 100vw, 1024px\" \/><\/figure>\n\n\n\n<p><\/p>\n","protected":false},"excerpt":{"rendered":"<p>Instalaci\u00f3n. 24 dise\u00f1os impresos y montados sobre foamboard, 4 remeras estampadas, 6 tazas estampadas, env\u00edo de mail a grupo Google para que suba el dise\u00f1o a la web. Medidas variables. C\u00f3rdoba, Argentina. 2013 El trabajo forma parte del Proyecto Quilicura, curado por Marta Hern\u00e1ndez Parraguez. Centro Cultural de Quilicura. Santiago de Chile. Agosto. 2013. El [&hellip;]<\/p>\n","protected":false},"author":1,"featured_media":0,"parent":0,"menu_order":13,"comment_status":"closed","ping_status":"closed","template":"","meta":{"_exactmetrics_skip_tracking":false,"_exactmetrics_sitenote_active":false,"_exactmetrics_sitenote_note":"","_exactmetrics_sitenote_category":0,"footnotes":""},"class_list":["post-960","page","type-page","status-publish","hentry","missing-thumbnail"],"_links":{"self":[{"href":"https:\/\/www.guillerminabustos.net\/sitio\/wp-json\/wp\/v2\/pages\/960","targetHints":{"allow":["GET"]}}],"collection":[{"href":"https:\/\/www.guillerminabustos.net\/sitio\/wp-json\/wp\/v2\/pages"}],"about":[{"href":"https:\/\/www.guillerminabustos.net\/sitio\/wp-json\/wp\/v2\/types\/page"}],"author":[{"embeddable":true,"href":"https:\/\/www.guillerminabustos.net\/sitio\/wp-json\/wp\/v2\/users\/1"}],"replies":[{"embeddable":true,"href":"https:\/\/www.guillerminabustos.net\/sitio\/wp-json\/wp\/v2\/comments?post=960"}],"version-history":[{"count":1,"href":"https:\/\/www.guillerminabustos.net\/sitio\/wp-json\/wp\/v2\/pages\/960\/revisions"}],"predecessor-version":[{"id":962,"href":"https:\/\/www.guillerminabustos.net\/sitio\/wp-json\/wp\/v2\/pages\/960\/revisions\/962"}],"wp:attachment":[{"href":"https:\/\/www.guillerminabustos.net\/sitio\/wp-json\/wp\/v2\/media?parent=960"}],"curies":[{"name":"wp","href":"https:\/\/api.w.org\/{rel}","templated":true}]}}