{"id":883,"date":"2020-10-16T21:42:25","date_gmt":"2020-10-16T21:42:25","guid":{"rendered":"https:\/\/www.guillerminabustos.net\/sitio\/?page_id=883"},"modified":"2024-05-12T14:32:35","modified_gmt":"2024-05-12T14:32:35","slug":"no-es-cualquier-verdura","status":"publish","type":"page","link":"https:\/\/www.guillerminabustos.net\/sitio\/no-es-cualquier-verdura\/","title":{"rendered":"no es cualquier verdura &#8211; 2016"},"content":{"rendered":"\n<p style=\"font-size:14px\">Intervenci\u00f3n en verduler\u00eda de barrio. Pintura sint\u00e9tica sobre el piso y distribuci\u00f3n de folleto informativo. Medidas Variables. C\u00f3rdoba, Argentina. 2016.<\/p>\n\n\n\n<p style=\"font-size:14px\"><em><span class=\"has-inline-color has-darker-gray-color\">Intervention in a neighborhood greengrocer. Synthetic paint on the floor and distribution of information leaflet. Variable Measures. C\u00f3rdoba Argentina. 2016.<\/span><\/em><\/p>\n\n\n\n<figure class=\"wp-block-image is-resized\"><img loading=\"lazy\" decoding=\"async\" src=\"https:\/\/www.guillerminabustos.net\/sitio\/wp-content\/uploads\/2016\/03\/baja-1024x724.jpg\" alt=\"\" class=\"wp-image-482\" width=\"577\" height=\"408\" srcset=\"https:\/\/www.guillerminabustos.net\/sitio\/wp-content\/uploads\/2016\/03\/baja-1024x724.jpg 1024w, https:\/\/www.guillerminabustos.net\/sitio\/wp-content\/uploads\/2016\/03\/baja-300x212.jpg 300w, https:\/\/www.guillerminabustos.net\/sitio\/wp-content\/uploads\/2016\/03\/baja-768x543.jpg 768w, https:\/\/www.guillerminabustos.net\/sitio\/wp-content\/uploads\/2016\/03\/baja-424x300.jpg 424w, https:\/\/www.guillerminabustos.net\/sitio\/wp-content\/uploads\/2016\/03\/baja.jpg 1280w\" sizes=\"auto, (max-width: 577px) 100vw, 577px\" \/><figcaption><sup>Planta de la verduler\u00eda con el dise\u00f1o de la intervenci\u00f3n \/ Greengrocery plant with the design of the intervention <\/sup><\/figcaption><\/figure>\n\n\n\n<p style=\"font-size:14px\">Un s\u00edntoma del desarrollo de una ciudad, de su dilataci\u00f3n y contracci\u00f3n, de los cambios en la pol\u00edtica econ\u00f3mica, de la posibilidad de movilidad social de los peque\u00f1os comerciantes.<\/p>\n\n\n\n<p style=\"font-size:14px\">Una arquitectura de crecimiento y reducci\u00f3n org\u00e1nica, irregular, que responde a una urgencia pragm\u00e1tica. Un formato donde se abarrotan la gr\u00e1fica, la publicidad y la imagen.<\/p>\n\n\n\n<p style=\"font-size:14px\">Un espacio donde nos disponemos a una coreograf\u00eda incorporada de esquivar cajones de madera, leer peque\u00f1os anuncios, seleccionar productos; mientras conversamos sobre el clima y las \u00faltimas noticias.<\/p>\n\n\n\n<p style=\"font-size:14px\">Una oportunidad para registrar la contingencia de los pasos, casi imperceptiblemente calculados, de este tr\u00e1nsito entre la mercader\u00eda y la informaci\u00f3n.<\/p>\n\n\n\n<p style=\"font-size:14px\"><em><span class=\"has-inline-color has-darker-gray-color\">A symptom of the development of a city, of its expansion and contraction, of changes in economic policy, of the possibility of social mobility for small businesses.<\/span><\/em><\/p>\n\n\n\n<p style=\"font-size:14px\"><em><span class=\"has-inline-color has-darker-gray-color\">An architecture of organic, irregular growth and reduction that responds to a pragmatic urgency. A format where graphics, advertising and images are crowded.<\/span><\/em><\/p>\n\n\n\n<p style=\"font-size:14px\"><em><span class=\"has-inline-color has-darker-gray-color\">A space where we have a built-in choreography of dodging wooden drawers, reading small advertisements, selecting products; while we chat about the weather and the latest news.<\/span><\/em><\/p>\n\n\n\n<p style=\"font-size:14px\"><em><span class=\"has-inline-color has-darker-gray-color\">An opportunity to record the contingency of the steps, almost imperceptibly calculated, of this transit between the merchandise and the information.<\/span><\/em><\/p>\n\n\n\n<figure class=\"wp-block-image\"><img loading=\"lazy\" decoding=\"async\" width=\"1024\" height=\"768\" src=\"https:\/\/www.guillerminabustos.net\/sitio\/wp-content\/uploads\/2016\/05\/c-65-1024x768.jpg\" alt=\"\" class=\"wp-image-233\" srcset=\"https:\/\/www.guillerminabustos.net\/sitio\/wp-content\/uploads\/2016\/05\/c-65-1024x768.jpg 1024w, https:\/\/www.guillerminabustos.net\/sitio\/wp-content\/uploads\/2016\/05\/c-65-300x225.jpg 300w, https:\/\/www.guillerminabustos.net\/sitio\/wp-content\/uploads\/2016\/05\/c-65-768x576.jpg 768w, https:\/\/www.guillerminabustos.net\/sitio\/wp-content\/uploads\/2016\/05\/c-65-400x300.jpg 400w\" sizes=\"auto, (max-width: 1024px) 100vw, 1024px\" \/><\/figure>\n\n\n\n<figure class=\"wp-block-image size-large\"><img loading=\"lazy\" decoding=\"async\" width=\"1024\" height=\"768\" src=\"https:\/\/www.guillerminabustos.net\/sitio\/wp-content\/uploads\/2016\/05\/c-119-1024x768.jpg\" alt=\"\" class=\"wp-image-240\" srcset=\"https:\/\/www.guillerminabustos.net\/sitio\/wp-content\/uploads\/2016\/05\/c-119-1024x768.jpg 1024w, https:\/\/www.guillerminabustos.net\/sitio\/wp-content\/uploads\/2016\/05\/c-119-300x225.jpg 300w, https:\/\/www.guillerminabustos.net\/sitio\/wp-content\/uploads\/2016\/05\/c-119-768x576.jpg 768w, https:\/\/www.guillerminabustos.net\/sitio\/wp-content\/uploads\/2016\/05\/c-119-400x300.jpg 400w\" sizes=\"auto, (max-width: 1024px) 100vw, 1024px\" \/><\/figure>\n\n\n\n<figure class=\"wp-block-image\"><img loading=\"lazy\" decoding=\"async\" width=\"1024\" height=\"768\" src=\"https:\/\/www.guillerminabustos.net\/sitio\/wp-content\/uploads\/2016\/05\/c-88-1024x768.jpg\" alt=\"\" class=\"wp-image-237\" srcset=\"https:\/\/www.guillerminabustos.net\/sitio\/wp-content\/uploads\/2016\/05\/c-88-1024x768.jpg 1024w, https:\/\/www.guillerminabustos.net\/sitio\/wp-content\/uploads\/2016\/05\/c-88-300x225.jpg 300w, https:\/\/www.guillerminabustos.net\/sitio\/wp-content\/uploads\/2016\/05\/c-88-768x576.jpg 768w, https:\/\/www.guillerminabustos.net\/sitio\/wp-content\/uploads\/2016\/05\/c-88-400x300.jpg 400w\" sizes=\"auto, (max-width: 1024px) 100vw, 1024px\" \/><\/figure>\n\n\n\n<figure class=\"wp-block-embed is-type-video is-provider-youtube wp-block-embed-youtube wp-embed-aspect-16-9 wp-has-aspect-ratio\"><div class=\"wp-block-embed__wrapper\">\n<iframe loading=\"lazy\" title=\"Expectativa 0 - &quot;No es cualquier verdura&quot;  - Guillermina Bustos\" width=\"560\" height=\"315\" src=\"https:\/\/www.youtube.com\/embed\/8tae2TfMdk8?feature=oembed\" frameborder=\"0\" allow=\"accelerometer; autoplay; clipboard-write; encrypted-media; gyroscope; picture-in-picture; web-share\" referrerpolicy=\"strict-origin-when-cross-origin\" allowfullscreen><\/iframe>\n<\/div><\/figure>\n\n\n\n<p style=\"font-size:14px\">Galer\u00edas Ef\u00edmeras.&nbsp;Ciclo Expectativa cero.&nbsp;Coordinadora Eva Ana Finquesltein<\/p>\n\n\n\n<p style=\"font-size:14px\">Verduler\u00eda La Rusa \u2013 de Ivana Gisel Videla, Cecilia Rojas y Ezequiel C\u00f3rdoba. Valpara\u00edso 2898 \u2013 Ciudad de C\u00f3rdoba [Argentina].\u00a0Fechas de intervenci\u00f3n: Martes 22 y Mi\u00e9rcoles 23 de Marzo 2016. Asesor\u00eda a cargo de Jorge Sep\u00falveda T.. Dise\u00f1o gr\u00e1fico por Jimena El\u00edas.<\/p>\n\n\n\n<p style=\"font-size:14px\"><span class=\"has-inline-color has-darker-gray-color\"><em>Ephemeral Galleries. Zero Expectation Cycle. Coordinator Eva Ana Finquesltein<\/em><\/span>.<\/p>\n\n\n\n<p style=\"font-size:14px\"><em><span class=\"has-inline-color has-darker-gray-color\">Greengrocer La Rusa &#8211; by Ivana Gisel Videla, Cecilia Rojas and Ezequiel C\u00f3rdoba. Valpara\u00edso 2898 &#8211; City of C\u00f3rdoba [Argentina]. Dates of intervention: Tuesday 22 and Wednesday 23 March 2016.<\/span><\/em> <em><span class=\"has-inline-color has-darker-gray-color\">Curatorial advice of Jorge Sep\u00falveda T. Graphic design by Jimena El\u00edas.<\/span><\/em><\/p>\n","protected":false},"excerpt":{"rendered":"<p>Intervenci\u00f3n en verduler\u00eda de barrio. Pintura sint\u00e9tica sobre el piso y distribuci\u00f3n de folleto informativo. Medidas Variables. C\u00f3rdoba, Argentina. 2016. Intervention in a neighborhood greengrocer. Synthetic paint on the floor and distribution of information leaflet. Variable Measures. C\u00f3rdoba Argentina. 2016. Un s\u00edntoma del desarrollo de una ciudad, de su dilataci\u00f3n y contracci\u00f3n, de los cambios [&hellip;]<\/p>\n","protected":false},"author":1,"featured_media":0,"parent":0,"menu_order":11,"comment_status":"closed","ping_status":"closed","template":"","meta":{"_exactmetrics_skip_tracking":false,"_exactmetrics_sitenote_active":false,"_exactmetrics_sitenote_note":"","_exactmetrics_sitenote_category":0,"footnotes":""},"class_list":["post-883","page","type-page","status-publish","hentry","missing-thumbnail"],"_links":{"self":[{"href":"https:\/\/www.guillerminabustos.net\/sitio\/wp-json\/wp\/v2\/pages\/883","targetHints":{"allow":["GET"]}}],"collection":[{"href":"https:\/\/www.guillerminabustos.net\/sitio\/wp-json\/wp\/v2\/pages"}],"about":[{"href":"https:\/\/www.guillerminabustos.net\/sitio\/wp-json\/wp\/v2\/types\/page"}],"author":[{"embeddable":true,"href":"https:\/\/www.guillerminabustos.net\/sitio\/wp-json\/wp\/v2\/users\/1"}],"replies":[{"embeddable":true,"href":"https:\/\/www.guillerminabustos.net\/sitio\/wp-json\/wp\/v2\/comments?post=883"}],"version-history":[{"count":5,"href":"https:\/\/www.guillerminabustos.net\/sitio\/wp-json\/wp\/v2\/pages\/883\/revisions"}],"predecessor-version":[{"id":1159,"href":"https:\/\/www.guillerminabustos.net\/sitio\/wp-json\/wp\/v2\/pages\/883\/revisions\/1159"}],"wp:attachment":[{"href":"https:\/\/www.guillerminabustos.net\/sitio\/wp-json\/wp\/v2\/media?parent=883"}],"curies":[{"name":"wp","href":"https:\/\/api.w.org\/{rel}","templated":true}]}}