{"id":1862,"date":"2026-02-13T15:07:46","date_gmt":"2026-02-13T15:07:46","guid":{"rendered":"https:\/\/www.guillerminabustos.net\/sitio\/?page_id=1862"},"modified":"2026-02-13T16:03:07","modified_gmt":"2026-02-13T16:03:07","slug":"conditional-autonomy-2026","status":"publish","type":"page","link":"https:\/\/www.guillerminabustos.net\/sitio\/conditional-autonomy-2026\/","title":{"rendered":"conditional autonomy &#8211; 2026"},"content":{"rendered":"\n<p style=\"font-size:14px\">Impresi\u00f3n sobre acr\u00edlico, caja de metal y pl\u00e1stico con circuito electr\u00f3nico. 42 cm x 29,7 cm<\/p>\n\n\n\n<figure class=\"wp-block-image size-large\"><img loading=\"lazy\" decoding=\"async\" width=\"683\" height=\"1024\" src=\"https:\/\/www.guillerminabustos.net\/sitio\/wp-content\/uploads\/2026\/02\/IMG_6335apex-683x1024.jpg\" alt=\"\" class=\"wp-image-1863\" srcset=\"https:\/\/www.guillerminabustos.net\/sitio\/wp-content\/uploads\/2026\/02\/IMG_6335apex-683x1024.jpg 683w, https:\/\/www.guillerminabustos.net\/sitio\/wp-content\/uploads\/2026\/02\/IMG_6335apex-200x300.jpg 200w, https:\/\/www.guillerminabustos.net\/sitio\/wp-content\/uploads\/2026\/02\/IMG_6335apex-768x1152.jpg 768w, https:\/\/www.guillerminabustos.net\/sitio\/wp-content\/uploads\/2026\/02\/IMG_6335apex-1024x1536.jpg 1024w, https:\/\/www.guillerminabustos.net\/sitio\/wp-content\/uploads\/2026\/02\/IMG_6335apex-1365x2048.jpg 1365w, https:\/\/www.guillerminabustos.net\/sitio\/wp-content\/uploads\/2026\/02\/IMG_6335apex-1870x2805.jpg 1870w, https:\/\/www.guillerminabustos.net\/sitio\/wp-content\/uploads\/2026\/02\/IMG_6335apex-400x600.jpg 400w, https:\/\/www.guillerminabustos.net\/sitio\/wp-content\/uploads\/2026\/02\/IMG_6335apex-800x1200.jpg 800w, https:\/\/www.guillerminabustos.net\/sitio\/wp-content\/uploads\/2026\/02\/IMG_6335apex-scaled.jpg 1707w\" sizes=\"auto, (max-width: 683px) 100vw, 683px\" \/><\/figure>\n\n\n\n<p style=\"font-size:14px\">Un juego electr\u00f3nico de preguntas y respuestas en el que cada participante debe enfrentarse a la tensi\u00f3n de decidir qu\u00e9 hacer ante un embarazo no deseado, teniendo en cuenta una serie de l\u00edmites y variables temporales y contextuales.<br><br>\/\/\/<br><br><strong><em>**portugu\u00e9s embaixo** \/\/\/ **english below**<\/em><\/strong><br><br>Impress\u00e3o sobre acr\u00edlico,\u00a0 caixa de metal e pl\u00e1stico com circuito eletr\u00f4nico. 42 cm x 29,7 cm\u00a0<br><br>Um jogo eletr\u00f4nico de perguntas e respostas no qual cada participante deve enfrentar a tens\u00e3o de decidir o que fazer quando confrontado com uma gravidez indesejada, levando em considera\u00e7\u00e3o uma s\u00e9rie de limites e vari\u00e1veis temporais e contextuais.<\/p>\n\n\n\n<figure class=\"wp-block-image size-large\"><img loading=\"lazy\" decoding=\"async\" width=\"982\" height=\"1024\" src=\"https:\/\/www.guillerminabustos.net\/sitio\/wp-content\/uploads\/2026\/02\/a-982x1024.jpg\" alt=\"\" class=\"wp-image-1868\" srcset=\"https:\/\/www.guillerminabustos.net\/sitio\/wp-content\/uploads\/2026\/02\/a-982x1024.jpg 982w, https:\/\/www.guillerminabustos.net\/sitio\/wp-content\/uploads\/2026\/02\/a-288x300.jpg 288w, https:\/\/www.guillerminabustos.net\/sitio\/wp-content\/uploads\/2026\/02\/a-768x801.jpg 768w, https:\/\/www.guillerminabustos.net\/sitio\/wp-content\/uploads\/2026\/02\/a-1472x1536.jpg 1472w, https:\/\/www.guillerminabustos.net\/sitio\/wp-content\/uploads\/2026\/02\/a-1963x2048.jpg 1963w, https:\/\/www.guillerminabustos.net\/sitio\/wp-content\/uploads\/2026\/02\/a-1870x1951.jpg 1870w, https:\/\/www.guillerminabustos.net\/sitio\/wp-content\/uploads\/2026\/02\/a-400x417.jpg 400w, https:\/\/www.guillerminabustos.net\/sitio\/wp-content\/uploads\/2026\/02\/a-800x835.jpg 800w\" sizes=\"auto, (max-width: 982px) 100vw, 982px\" \/><\/figure>\n\n\n\n<figure class=\"wp-block-gallery has-nested-images columns-default is-cropped wp-block-gallery-1 is-layout-flex wp-block-gallery-is-layout-flex\">\n<figure class=\"wp-block-image size-large\"><img loading=\"lazy\" decoding=\"async\" width=\"473\" height=\"1024\" data-id=\"1864\" src=\"https:\/\/www.guillerminabustos.net\/sitio\/wp-content\/uploads\/2026\/02\/photo_4913483629791480629_y-473x1024.jpg\" alt=\"\" class=\"wp-image-1864\" srcset=\"https:\/\/www.guillerminabustos.net\/sitio\/wp-content\/uploads\/2026\/02\/photo_4913483629791480629_y-473x1024.jpg 473w, https:\/\/www.guillerminabustos.net\/sitio\/wp-content\/uploads\/2026\/02\/photo_4913483629791480629_y-139x300.jpg 139w, https:\/\/www.guillerminabustos.net\/sitio\/wp-content\/uploads\/2026\/02\/photo_4913483629791480629_y-400x866.jpg 400w, https:\/\/www.guillerminabustos.net\/sitio\/wp-content\/uploads\/2026\/02\/photo_4913483629791480629_y.jpg 591w\" sizes=\"auto, (max-width: 473px) 100vw, 473px\" \/><\/figure>\n\n\n\n<figure class=\"wp-block-image size-large\"><img loading=\"lazy\" decoding=\"async\" width=\"1024\" height=\"683\" data-id=\"1865\" src=\"https:\/\/www.guillerminabustos.net\/sitio\/wp-content\/uploads\/2026\/02\/IMG_6294apex-1024x683.jpg\" alt=\"\" class=\"wp-image-1865\" srcset=\"https:\/\/www.guillerminabustos.net\/sitio\/wp-content\/uploads\/2026\/02\/IMG_6294apex-1024x683.jpg 1024w, https:\/\/www.guillerminabustos.net\/sitio\/wp-content\/uploads\/2026\/02\/IMG_6294apex-300x200.jpg 300w, https:\/\/www.guillerminabustos.net\/sitio\/wp-content\/uploads\/2026\/02\/IMG_6294apex-768x512.jpg 768w, https:\/\/www.guillerminabustos.net\/sitio\/wp-content\/uploads\/2026\/02\/IMG_6294apex-1536x1024.jpg 1536w, https:\/\/www.guillerminabustos.net\/sitio\/wp-content\/uploads\/2026\/02\/IMG_6294apex-2048x1365.jpg 2048w, https:\/\/www.guillerminabustos.net\/sitio\/wp-content\/uploads\/2026\/02\/IMG_6294apex-1870x1247.jpg 1870w, https:\/\/www.guillerminabustos.net\/sitio\/wp-content\/uploads\/2026\/02\/IMG_6294apex-400x267.jpg 400w, https:\/\/www.guillerminabustos.net\/sitio\/wp-content\/uploads\/2026\/02\/IMG_6294apex-800x533.jpg 800w\" sizes=\"auto, (max-width: 1024px) 100vw, 1024px\" \/><\/figure>\n<\/figure>\n\n\n\n<p style=\"font-size:14px\">Print on acrylic, metal and plastic box with electronic circuit. 42 cm x 29.7 cm<\/p>\n\n\n\n<p style=\"font-size:14px\">An electronic question-and-answer game in which each participant must face the tension of deciding what to do when confronted with an unwanted pregnancy, taking into account a series of temporal and contextual limits and variables.<\/p>\n\n\n\n<p><\/p>\n","protected":false},"excerpt":{"rendered":"<p>Impresi\u00f3n sobre acr\u00edlico, caja de metal y pl\u00e1stico con circuito electr\u00f3nico. 42 cm x 29,7 cm Un juego electr\u00f3nico de preguntas y respuestas en el que cada participante debe enfrentarse a la tensi\u00f3n de decidir qu\u00e9 hacer ante un embarazo no deseado, teniendo en cuenta una serie de l\u00edmites y variables temporales y contextuales. \/\/\/ [&hellip;]<\/p>\n","protected":false},"author":1,"featured_media":0,"parent":0,"menu_order":0,"comment_status":"closed","ping_status":"closed","template":"","meta":{"_exactmetrics_skip_tracking":false,"_exactmetrics_sitenote_active":false,"_exactmetrics_sitenote_note":"","_exactmetrics_sitenote_category":0,"footnotes":""},"class_list":["post-1862","page","type-page","status-publish","hentry","missing-thumbnail"],"_links":{"self":[{"href":"https:\/\/www.guillerminabustos.net\/sitio\/wp-json\/wp\/v2\/pages\/1862","targetHints":{"allow":["GET"]}}],"collection":[{"href":"https:\/\/www.guillerminabustos.net\/sitio\/wp-json\/wp\/v2\/pages"}],"about":[{"href":"https:\/\/www.guillerminabustos.net\/sitio\/wp-json\/wp\/v2\/types\/page"}],"author":[{"embeddable":true,"href":"https:\/\/www.guillerminabustos.net\/sitio\/wp-json\/wp\/v2\/users\/1"}],"replies":[{"embeddable":true,"href":"https:\/\/www.guillerminabustos.net\/sitio\/wp-json\/wp\/v2\/comments?post=1862"}],"version-history":[{"count":1,"href":"https:\/\/www.guillerminabustos.net\/sitio\/wp-json\/wp\/v2\/pages\/1862\/revisions"}],"predecessor-version":[{"id":1869,"href":"https:\/\/www.guillerminabustos.net\/sitio\/wp-json\/wp\/v2\/pages\/1862\/revisions\/1869"}],"wp:attachment":[{"href":"https:\/\/www.guillerminabustos.net\/sitio\/wp-json\/wp\/v2\/media?parent=1862"}],"curies":[{"name":"wp","href":"https:\/\/api.w.org\/{rel}","templated":true}]}}