{"id":1031,"date":"2020-11-06T22:40:04","date_gmt":"2020-11-06T22:40:04","guid":{"rendered":"https:\/\/www.guillerminabustos.net\/sitio\/?page_id=1031"},"modified":"2020-11-06T22:48:20","modified_gmt":"2020-11-06T22:48:20","slug":"cine-de-biografias-de-artistas-2009","status":"publish","type":"page","link":"https:\/\/www.guillerminabustos.net\/sitio\/cine-de-biografias-de-artistas-2009\/","title":{"rendered":"cine de biograf\u00edas de artistas &#8211; 2009"},"content":{"rendered":"\n<p>Dv_Avi. Pal. 5 minutos. C\u00f3rdoba, Argentina. 2009<\/p>\n\n\n\n<figure class=\"wp-block-embed-youtube wp-block-embed is-type-video is-provider-youtube wp-embed-aspect-16-9 wp-has-aspect-ratio\"><div class=\"wp-block-embed__wrapper\">\n<iframe loading=\"lazy\" title=\"CINE DE BIOGRAF\u00cdAS DE ARTISTAS\" width=\"560\" height=\"315\" src=\"https:\/\/www.youtube.com\/embed\/yhqmqKrmGHQ?feature=oembed\" frameborder=\"0\" allow=\"accelerometer; autoplay; clipboard-write; encrypted-media; gyroscope; picture-in-picture; web-share\" referrerpolicy=\"strict-origin-when-cross-origin\" allowfullscreen><\/iframe>\n<\/div><\/figure>\n\n\n\n<p>La propuesta consiste en una apropiaci\u00f3n de fragmentos de pel\u00edculas pertenecientes al cine de espect\u00e1culo que en su narrativa relata la historia de vida de un artista reconocido. <\/p>\n\n\n\n<p>El montaje de fragmento se realiz\u00f3 conforme a la est\u00e9tica de los tr\u00e1iler con los que se promocionan los films del espect\u00e1culo. Durante el video se alternan: 1) una serie de paratextos a modo de subt\u00edtulos que contienen una serie de preguntas y comentarios sobre el g\u00e9nero; y 2) una serie de subt\u00edtulos que transcriben literalmente el audio de una fracci\u00f3n de video seleccionado.<\/p>\n\n\n\n<p>Particularmente se tomaron segmentos de video y audio de las siguientes pel\u00edculas: \u00abModigliani\u00bb, Dir. Mick David (2004); \u00abEl amor es el diablo\u00bb, Dir. John Maybury (1998); \u00abPollock\u00bb, Dir. Ed Harris (2000); \u00abBasquiat\u00bb, Dir. Julian Schnabel (1996); y \u00abLa joven de la Perla\u00bb, Dir. Peter Webber (2003).<\/p>\n\n\n\n<p>Este video se intenta presentarse como una propuesta cr\u00edtica respecto del Cine de espect\u00e1culo, el cu\u00e1l, de manera arbitraria, utiliza diferentes estereotipos de la que se supone y espera \u00abes\u00bb la vida de un artista consagrado, para transfigurar su figura (entre genial y desdichada) en un tipo de mercanc\u00eda; re-afirmando los prejuicios del consumidor. <\/p>\n\n\n\n<p>Trabajo exhibido en: <\/p>\n\n\n\n<ul class=\"wp-block-list\"><li> Cciclo de cine \u00abEl s\u00e9ptimo en el Caraffa\u00bb, Museo Emilio Caraffa. Septiembre 2010. C\u00f3rdoba, Argentina.<\/li><li> \u00abLa ilusi\u00f3n democratizadora\u00bb La Paternal Espacio Proyecto. Junio 2012. Buenos Aires, Argentina.<\/li><\/ul>\n","protected":false},"excerpt":{"rendered":"<p>Dv_Avi. Pal. 5 minutos. C\u00f3rdoba, Argentina. 2009 La propuesta consiste en una apropiaci\u00f3n de fragmentos de pel\u00edculas pertenecientes al cine de espect\u00e1culo que en su narrativa relata la historia de vida de un artista reconocido. El montaje de fragmento se realiz\u00f3 conforme a la est\u00e9tica de los tr\u00e1iler con los que se promocionan los films [&hellip;]<\/p>\n","protected":false},"author":1,"featured_media":0,"parent":0,"menu_order":17,"comment_status":"closed","ping_status":"closed","template":"","meta":{"_exactmetrics_skip_tracking":false,"_exactmetrics_sitenote_active":false,"_exactmetrics_sitenote_note":"","_exactmetrics_sitenote_category":0,"footnotes":""},"class_list":["post-1031","page","type-page","status-publish","hentry","missing-thumbnail"],"_links":{"self":[{"href":"https:\/\/www.guillerminabustos.net\/sitio\/wp-json\/wp\/v2\/pages\/1031","targetHints":{"allow":["GET"]}}],"collection":[{"href":"https:\/\/www.guillerminabustos.net\/sitio\/wp-json\/wp\/v2\/pages"}],"about":[{"href":"https:\/\/www.guillerminabustos.net\/sitio\/wp-json\/wp\/v2\/types\/page"}],"author":[{"embeddable":true,"href":"https:\/\/www.guillerminabustos.net\/sitio\/wp-json\/wp\/v2\/users\/1"}],"replies":[{"embeddable":true,"href":"https:\/\/www.guillerminabustos.net\/sitio\/wp-json\/wp\/v2\/comments?post=1031"}],"version-history":[{"count":3,"href":"https:\/\/www.guillerminabustos.net\/sitio\/wp-json\/wp\/v2\/pages\/1031\/revisions"}],"predecessor-version":[{"id":1036,"href":"https:\/\/www.guillerminabustos.net\/sitio\/wp-json\/wp\/v2\/pages\/1031\/revisions\/1036"}],"wp:attachment":[{"href":"https:\/\/www.guillerminabustos.net\/sitio\/wp-json\/wp\/v2\/media?parent=1031"}],"curies":[{"name":"wp","href":"https:\/\/api.w.org\/{rel}","templated":true}]}}