{"id":1025,"date":"2020-11-06T22:03:34","date_gmt":"2020-11-06T22:03:34","guid":{"rendered":"https:\/\/www.guillerminabustos.net\/sitio\/?page_id=1025"},"modified":"2024-05-12T14:34:24","modified_gmt":"2024-05-12T14:34:24","slug":"archivo-videos-de-vacaciones-2009","status":"publish","type":"page","link":"https:\/\/www.guillerminabustos.net\/sitio\/archivo-videos-de-vacaciones-2009\/","title":{"rendered":"archivo (videos de vacaciones) &#8211; 2009"},"content":{"rendered":"\n<p>Video NTSC 4:14min. C\u00f3rdoba, Argentina. 2009.<\/p>\n\n\n\n<figure class=\"wp-block-embed-vimeo wp-block-embed is-type-video is-provider-vimeo wp-embed-aspect-16-9 wp-has-aspect-ratio\"><div class=\"wp-block-embed__wrapper\">\n<iframe loading=\"lazy\" title=\"Archivo (videos de vacaciones)\" src=\"https:\/\/player.vimeo.com\/video\/16130036?dnt=1&amp;app_id=122963\" width=\"560\" height=\"315\" frameborder=\"0\" allow=\"autoplay; fullscreen; picture-in-picture; clipboard-write\"><\/iframe>\n<\/div><\/figure>\n\n\n\n<p>Con la asesor\u00eda de Carina Cagnolo, Paola Sferco y Carolina Senmartin.<\/p>\n\n\n\n<p>El video consiste en una compilaci\u00f3n y edici\u00f3n de videos de vacaciones de aficionados al g\u00e9nero, ya sean familiares, amigos o videos tomados de la internet subidos por sus propios autores que hayan sido realizados con el fin de mantener un recuerdo sobre una situaci\u00f3n o espacio determinado. Intentamos seleccionar videos donde los actores est\u00e9n viviendo situaciones similares, en este caso videos de playa, la imagen como el audio original no han sido editados y se los presenta funcionando en paralelo en bruto, con lo que se evidencia (a la larga) la presencia de cierto patr\u00f3n o repetici\u00f3n de su estructura.<\/p>\n\n\n\n<p>Este trabajo fue exhibido en: <\/p>\n\n\n\n<ul class=\"wp-block-list\"><li><em>Festival Internacional de Cine 34 Ladrillos <\/em>(2011), curador Diego Pi\u00f1eros Garc\u00eda y Paola Michaels, en Villa de Levya, Colombia<\/li><li><em>2do Videoencuentro proyectista <\/em>(2010)<em>.<\/em> Oficina Proyectista, Curador Diego Pi\u00f1eros Garc\u00eda,&nbsp;Buenos Aires, Argentina<\/li><li><em>Ciclo de Documental y Video.<\/em> Cali Contempor\u00e1neo (CALO) (2010), Curador Diego Pi\u00f1eros Garc\u00eda y Yohana M. Roa, Cali, Colombia;<\/li><li><em>Video Social IV, <\/em>Ciclo de Video Arte Bogot\u00e1- C\u00f3rdoba (2010), Curador Diego Pi\u00f1eros Garc\u00eda, Casa13, C\u00f3rdoba, Argentina<\/li><li><em>Cierre cl\u00ednica taller de video-arte&nbsp;<\/em>(2009). Centro de Arte Contempor\u00e1neo Chateau Carreras. C\u00f3rdoba, Argentina. <\/li><li><em>Bienal de la Imagen en Movimiento<\/em>. Selecci\u00f3n para el Premio Norberto Griffa<strong>.&nbsp;(2012)&nbsp;<\/strong>Centro Cultural San Mart\u00edn. Buenos Aires, Argentina. <\/li><li><em>Festival internacional de Video Arte<\/em>&nbsp;(FIVA). Sala Jorge Luis Borges, Biblioteca Nacional (2012). Buenos Aires,&nbsp;Argentina.<\/li><\/ul>\n","protected":false},"excerpt":{"rendered":"<p>Video NTSC 4:14min. C\u00f3rdoba, Argentina. 2009. Con la asesor\u00eda de Carina Cagnolo, Paola Sferco y Carolina Senmartin. El video consiste en una compilaci\u00f3n y edici\u00f3n de videos de vacaciones de aficionados al g\u00e9nero, ya sean familiares, amigos o videos tomados de la internet subidos por sus propios autores que hayan sido realizados con el fin [&hellip;]<\/p>\n","protected":false},"author":1,"featured_media":0,"parent":0,"menu_order":16,"comment_status":"closed","ping_status":"closed","template":"","meta":{"_exactmetrics_skip_tracking":false,"_exactmetrics_sitenote_active":false,"_exactmetrics_sitenote_note":"","_exactmetrics_sitenote_category":0,"footnotes":""},"class_list":["post-1025","page","type-page","status-publish","hentry","missing-thumbnail"],"_links":{"self":[{"href":"https:\/\/www.guillerminabustos.net\/sitio\/wp-json\/wp\/v2\/pages\/1025","targetHints":{"allow":["GET"]}}],"collection":[{"href":"https:\/\/www.guillerminabustos.net\/sitio\/wp-json\/wp\/v2\/pages"}],"about":[{"href":"https:\/\/www.guillerminabustos.net\/sitio\/wp-json\/wp\/v2\/types\/page"}],"author":[{"embeddable":true,"href":"https:\/\/www.guillerminabustos.net\/sitio\/wp-json\/wp\/v2\/users\/1"}],"replies":[{"embeddable":true,"href":"https:\/\/www.guillerminabustos.net\/sitio\/wp-json\/wp\/v2\/comments?post=1025"}],"version-history":[{"count":2,"href":"https:\/\/www.guillerminabustos.net\/sitio\/wp-json\/wp\/v2\/pages\/1025\/revisions"}],"predecessor-version":[{"id":1034,"href":"https:\/\/www.guillerminabustos.net\/sitio\/wp-json\/wp\/v2\/pages\/1025\/revisions\/1034"}],"wp:attachment":[{"href":"https:\/\/www.guillerminabustos.net\/sitio\/wp-json\/wp\/v2\/media?parent=1025"}],"curies":[{"name":"wp","href":"https:\/\/api.w.org\/{rel}","templated":true}]}}